{"id":27928,"date":"2014-09-16T19:16:51","date_gmt":"2014-09-16T22:16:51","guid":{"rendered":"https:\/\/the7.io\/main\/?page_id=27928"},"modified":"2026-02-10T12:07:33","modified_gmt":"2026-02-10T15:07:33","slug":"tours-en-el-calafate","status":"publish","type":"page","link":"https:\/\/ux.toursandadventure.agency\/pt\/tours-en-el-calafate\/","title":{"rendered":"Passeios"},"content":{"rendered":"<section class=\"tours-page\">\n<div class=\"tours-wrap\">\n<span><span><a href=\"https:\/\/ux.toursandadventure.agency\/pt\/\">In\u00edcio<\/a><\/span><\/span><\/p>\n<h1 class=\"tours-title\"><span class=\"tours-h\">Passeios em El Calafate: Trekking em geleiras, navega\u00e7\u00e3o e aventura na Patag\u00f4nia<\/span><span class=\"tours-mobile\">Passeios em El Calafate<\/span><\/h1>\n<p class=\"tours-intro\"><strong>El Calafate oferece excurs\u00f5es para a Geleira Perito Moreno a partir de $78.000 ARS<\/strong>, incluindo trekking no gelo (Minitrekking e Big Ice), navega\u00e7\u00f5es no Lago Argentino e expedi\u00e7\u00f5es a geleiras remotas, como a Upsala e a Spegazzini. Tamb\u00e9m organizamos excurs\u00f5es a El Chalt\u00e9n e Torres del Paine, no Chile.<\/p>\n<\/p><\/div>\n<h2>Excurs\u00f5es dispon\u00edveis em El Calafate<\/h2>\n<div class=\"filtro-container\">\n<div class=\"filtro-btns\">\n        <button class=\"filter-btn\"><svg xmlns=\"http:\/\/www.w3.org\/2000\/svg\" width=\"17\" height=\"13\" viewbox=\"0 0 17 13\" fill=\"none\">\n  <path d=\"M16.0451 9.51222H6.60317M2.6267 9.51222H1M2.6267 9.51222C2.6267 8.98503 2.83612 8.47943 3.20891 8.10664C3.58169 7.73386 4.08729 7.52444 4.61448 7.52444C5.14167 7.52444 5.64727 7.73386 6.02005 8.10664C6.39283 8.47943 6.60226 8.98503 6.60226 9.51222C6.60226 10.0394 6.39283 10.545 6.02005 10.9178C5.64727 11.2906 5.14167 11.5 4.61448 11.5C4.08729 11.5 3.58169 11.2906 3.20891 10.9178C2.83612 10.545 2.6267 10.0394 2.6267 9.51222ZM16.0451 3.48778H13.2139M9.23744 3.48778H1M9.23744 3.48778C9.23744 2.96059 9.44687 2.45499 9.81965 2.08221C10.1924 1.70943 10.698 1.5 11.2252 1.5C11.4863 1.5 11.7447 1.55142 11.9859 1.65131C12.2271 1.75121 12.4462 1.89763 12.6308 2.08221C12.8154 2.26679 12.9618 2.48592 13.0617 2.72709C13.1616 2.96826 13.213 3.22674 13.213 3.48778C13.213 3.74882 13.1616 4.0073 13.0617 4.24847C12.9618 4.48964 12.8154 4.70877 12.6308 4.89336C12.4462 5.07794 12.2271 5.22436 11.9859 5.32425C11.7447 5.42415 11.4863 5.47556 11.2252 5.47556C10.698 5.47556 10.1924 5.26614 9.81965 4.89336C9.44687 4.52057 9.23744 4.01497 9.23744 3.48778Z\" stroke=\"#0079A9\" stroke-width=\"1.2\" stroke-miterlimit=\"10\" stroke-linecap=\"round\"\/>\n<\/svg> Filtro<\/button><br \/>\n        <button class=\"orden-btn\"><svg xmlns=\"http:\/\/www.w3.org\/2000\/svg\" width=\"10\" height=\"11\" viewbox=\"0 0 10 11\" fill=\"none\">\n  <path d=\"M2.5 10V3.75M2.5 10L0.625 8.125M2.5 10L4.375 8.125M7.5 1V7.25M7.5 1L9.375 2.875M7.5 1L5.625 2.875\" stroke=\"#0079A9\" stroke-width=\"1.2\" stroke-linecap=\"round\" stroke-linejoin=\"round\"\/>\n<\/svg> Pedido<\/button><\/p>\n<div id=\"modalFiltro\" class=\"modal-filtro\">\n<div class=\"category-filter\">\n<div class=\"filter-header\"><span>Filtrar por<\/span><\/p>\n<div class=\"close-filter\"><svg xmlns=\"http:\/\/www.w3.org\/2000\/svg\" width=\"32\" height=\"32\" viewbox=\"0 0 32 32\" fill=\"none\"><circle cx=\"16\" cy=\"16\" r=\"15\" stroke=\"#0079A9\" stroke-width=\"2\" stroke-linecap=\"round\" stroke-linejoin=\"round\"><\/circle><g transform=\"translate(10, 10)\"><path d=\"M11 1L1 11\" stroke=\"#0079A9\" stroke-width=\"2\" stroke-linecap=\"round\" stroke-linejoin=\"round\"><\/path><path d=\"M1 1L11 11\" stroke=\"#0079A9\" stroke-width=\"2\" stroke-linecap=\"round\" stroke-linejoin=\"round\"><\/path><\/g><\/svg><\/div>\n<\/div>\n<ul class=\"accordion-list\">\n<li>\n<div class=\"accordion-item-header\">\n<div class=\"icon-t\">\n<h3>Destino<\/h3>\n<\/div>\n<div class=\"ac-arrow\"><svg xmlns=\"http:\/\/www.w3.org\/2000\/svg\" width=\"12\" height=\"7\" viewbox=\"0 0 12 7\" fill=\"none\"><path d=\"M1 1L6 6L11 1\" stroke=\"#686868\" stroke-width=\"2\" stroke-linecap=\"round\" stroke-linejoin=\"round\"\/><\/svg><\/div>\n<\/div>\n<div class=\"answer\">\n<div class=\"category-list\">\n                    <button class=\"category-btn\" data-category=\"calafate\">Calafate<\/button><br \/>\n                    <button class=\"category-btn\" data-category=\"torresdelpaine\">Torres del Paine<\/button><br \/>\n                    <button class=\"category-btn\" data-category=\"elchalten\">El Chalten<\/button>\n                <\/div>\n<\/p><\/div>\n<\/li>\n<li>\n<div class=\"accordion-item-header\">\n<h3>Categoria<\/h3>\n<div class=\"ac-arrow\"><svg xmlns=\"http:\/\/www.w3.org\/2000\/svg\" width=\"12\" height=\"7\" viewbox=\"0 0 12 7\" fill=\"none\">\n            <path d=\"M1 1L6 6L11 1\" stroke=\"#686868\" stroke-width=\"2\" stroke-linecap=\"round\" stroke-linejoin=\"round\"\/>\n        <\/svg><\/div>\n<\/div>\n<div class=\"answer\">\n<div class=\"category-list\">\n                    <button class=\"category-btn\" data-category=\"Trekking\">Trekking no gelo<\/button><br \/>\n                    <button class=\"category-btn\" data-category=\"Navegaci\u00f3n\">Navega\u00e7\u00e3o<\/button><br \/>\n                    <button class=\"category-btn\" data-category=\"Aventura\">Aventura<\/button><br \/>\n                    <button class=\"category-btn\" data-category=\"Estancias\">Estadias<\/button>\n                <\/div>\n<\/p><\/div>\n<\/li>\n<li>\n<div class=\"accordion-item-header\">\n<h3>Dura\u00e7\u00e3o<\/h3>\n<div class=\"ac-arrow\"><svg xmlns=\"http:\/\/www.w3.org\/2000\/svg\" width=\"12\" height=\"7\" viewbox=\"0 0 12 7\" fill=\"none\"><path d=\"M1 1L6 6L11 1\" stroke=\"#686868\" stroke-width=\"2\" stroke-linecap=\"round\" stroke-linejoin=\"round\"\/><\/svg><\/div>\n<\/div>\n<div class=\"answer\">\n<div class=\"category-list\">\n                    <button class=\"category-btn\" data-category=\"mediodia\">Meio dia<\/button><br \/>\n                    <button class=\"category-btn\" data-category=\"diacompleto\">Dia inteiro<\/button>\n                <\/div>\n<\/p><\/div>\n<\/li>\n<li>\n<div class=\"accordion-item-header\">\n<h3>Transporte<\/h3>\n<div class=\"ac-arrow\"><svg xmlns=\"http:\/\/www.w3.org\/2000\/svg\" width=\"12\" height=\"7\" viewbox=\"0 0 12 7\" fill=\"none\"><path d=\"M1 1L6 6L11 1\" stroke=\"#686868\" stroke-width=\"2\" stroke-linecap=\"round\" stroke-linejoin=\"round\"\/><\/svg><\/div>\n<\/div>\n<div class=\"answer\">\n<div class=\"category-list\">\n                    <button class=\"category-btn\" data-category=\"Bus\">\u00d4nibus<\/button><br \/>\n                    <button class=\"category-btn\" data-category=\"4x4\">4\u00d74<\/button><br \/>\n                    <button class=\"category-btn\" data-category=\"kayak\">Caiaque<\/button><br \/>\n                    <button class=\"category-btn\" data-category=\"moto\">Motocicleta para neve<\/button><br \/>\n                    <button class=\"category-btn\" data-category=\"cabalgata\">Cavalgada<\/button><br \/>\n                    <button class=\"category-btn\" data-category=\"bicicleta\">Bicicleta<\/button>\n                <\/div>\n<\/p><\/div>\n<\/li>\n<\/ul>\n<div class=\"filter-buttons\"><button class=\"filter-clear\"><svg xmlns=\"http:\/\/www.w3.org\/2000\/svg\" width=\"13\" height=\"13\" viewbox=\"0 0 13 13\" fill=\"none\">\n  <path fill-rule=\"evenodd\" clip-rule=\"evenodd\" d=\"M10.7644 4.53188C11.0105 4.55228 11.194 4.76888 11.1744 5.01669C11.1708 5.05749 10.8478 9.08415 10.6619 10.7732C10.5462 11.8214 9.85852 12.4592 8.82038 12.4784C8.02598 12.4922 7.25959 12.5 6.51049 12.5C5.70298 12.5 4.91573 12.491 4.13683 12.4748C3.14041 12.455 2.45089 11.8046 2.33826 10.7774C2.15054 9.07335 1.82932 5.05689 1.82634 5.01669C1.80608 4.76888 1.98963 4.55168 2.23576 4.53188C2.47831 4.52528 2.69762 4.69688 2.71728 4.94409C2.71918 4.97013 2.8505 6.61033 2.9936 8.23316L3.02234 8.55701C3.09442 9.36365 3.16748 10.1387 3.22682 10.6784C3.29058 11.2622 3.60346 11.5634 4.1553 11.5748C5.64517 11.6066 7.16544 11.6084 8.80429 11.5784C9.3907 11.567 9.70775 11.2718 9.7733 10.6742C9.95805 8.99775 10.2799 4.98489 10.2834 4.94409C10.3031 4.69688 10.5206 4.52408 10.7644 4.53188ZM7.76126 0.5C8.30834 0.5 8.78927 0.871405 8.93051 1.40361L9.08188 2.16022C9.1308 2.40825 9.34699 2.58939 9.5973 2.59336L11.553 2.59343C11.7998 2.59343 12 2.79503 12 3.04344C12 3.29184 11.7998 3.49344 11.553 3.49344L9.61477 3.49335C9.61176 3.49341 9.60874 3.49344 9.60572 3.49344L9.59118 3.49284L3.40859 3.49337C3.40379 3.49342 3.39898 3.49344 3.39416 3.49344L3.38498 3.49284L1.44696 3.49344C1.20024 3.49344 1 3.29184 1 3.04344C1 2.79503 1.20024 2.59343 1.44696 2.59343L3.40226 2.59283L3.46247 2.58899C3.68672 2.5597 3.87308 2.38823 3.91859 2.16022L4.06341 1.43061C4.21061 0.871406 4.69154 0.5 5.23862 0.5H7.76126ZM7.76126 1.40001H5.23862C5.09559 1.40001 4.96985 1.49661 4.93349 1.63522L4.79464 2.33723C4.77699 2.42615 4.75129 2.51184 4.71841 2.59359H8.28165C8.24873 2.51184 8.22297 2.42615 8.20524 2.33723L8.06043 1.60762C8.03004 1.49661 7.90429 1.40001 7.76126 1.40001Z\" fill=\"#0079A9\" stroke=\"#0079A9\" stroke-width=\"0.2\"\/><\/svg><span> Limpar filtros<\/span><\/button><button id=\"apply-filters\">Aplicar <span class=\"category-qty\">(0)<\/span><\/button><\/div>\n<\/p><\/div>\n<\/div>\n<div id=\"modal-orden\" class=\"modal-orden\">\n<div class=\"modal-contenido\">\n<div class=\"filter-options\">\n<div class=\"filter-option\"><label for=\"precio-bajo\">Pre\u00e7o mais baixo<\/label><input type=\"radio\" id=\"precio-bajo\" name=\"filtro\" value=\"precio-bajo\"><\/div>\n<div class=\"filter-option\">\n       <label for=\"precio-alto\">Pre\u00e7o mais alto<\/label><input type=\"radio\" id=\"precio-alto\" name=\"filtro\" value=\"precio-alto\"><\/div>\n<div class=\"filter-option\">\n        <label for=\"duracion\">Dura\u00e7\u00e3o (hs)<\/label><br \/>\n        <input type=\"radio\" id=\"duracion\" name=\"filtro\" value=\"duracion\">\n      <\/div>\n<div class=\"filter-option\"><label for=\"mas-vendidas\">Os mais vendidos<\/label><input type=\"radio\" id=\"mas-vendidas\" name=\"filtro\" value=\"mas-vendidas\"><\/div>\n<\/div>\n<p><button id=\"apply-orden\">Aplicar<\/button><\/div>\n<\/div>\n<\/div>\n<div class=\"search-btn\">\n        <svg xmlns=\"http:\/\/www.w3.org\/2000\/svg\" width=\"40\" height=\"40\" viewbox=\"0 0 40 40\" fill=\"none\">\n            <path d=\"M29 29.5L24.657 25.157M24.657 25.157C25.3999 24.4142 25.9892 23.5322 26.3913 22.5616C26.7933 21.591 27.0002 20.5507 27.0002 19.5001C27.0002 18.4495 26.7933 17.4092 26.3913 16.4386C25.9892 15.468 25.3999 14.5861 24.657 13.8432C23.9142 13.1003 23.0322 12.511 22.0616 12.109C21.091 11.7069 20.0507 11.5 19.0001 11.5C17.9495 11.5 16.9092 11.7069 15.9386 12.109C14.968 12.511 14.0861 13.1003 13.3432 13.8432C11.8429 15.3435 11 17.3784 11 19.5001C11 21.6219 11.8429 23.6567 13.3432 25.157C14.8435 26.6574 16.8784 27.5002 19.0001 27.5002C21.1219 27.5002 23.1567 26.6574 24.657 25.157Z\" stroke=\"#8C8C8C\" stroke-width=\"1.5\" stroke-linecap=\"round\" stroke-linejoin=\"round\"\/>\n        <\/svg><br \/>\n<input type=\"text\" id=\"search\" placeholder=\"Procure por turn\u00eas...\">\n    <\/div>\n<\/div>\n\n<div class=\"info-container\">\n<div class=\"info-text\">\n<p>Se voc\u00ea deseja explorar os destinos mais espetaculares, como <a href=\"https:\/\/ux.toursandadventure.agency\/pt\/el-calafate-pueblo\/\" target=\"_blank\">El Calafate<\/a>, <a href=\"https:\/\/ux.toursandadventure.agency\/pt\/excursiones-a-el-chalten\/\" target=\"_blank\">El Chalten<\/a> y <a href=\"https:\/\/torresdelpaine.com\/\" target=\"_blank\">Torres del Paine<\/a>, Oferecemos uma ampla variedade de atividades projetadas para tornar sua experi\u00eancia inesquec\u00edvel. Desde caminhadas no gelo em geleiras, navega\u00e7\u00e3o em lagos cristalinos, passeios de aventura em ve\u00edculos 4\u00d74 e emocionantes passeios de snowmobile, at\u00e9 cavalgadas em paisagens \u00fanicas e passeios de bicicleta, temos op\u00e7\u00f5es para todos os gostos e n\u00edveis de aventura.<\/p>\n<p>Nosso compromisso \u00e9 oferecer um servi\u00e7o excepcional, desde o momento em que voc\u00ea planeja seu itiner\u00e1rio at\u00e9 o momento em que voc\u00ea o vivencia. Entendemos que cada viajante tem necessidades \u00fanicas, e \u00e9 por isso que nossos operadores est\u00e3o dispon\u00edveis para aconselh\u00e1-lo de forma personalizada em todos os passeios em El Calafate. Voc\u00ea pode entrar em contato conosco via WhatsApp, onde teremos prazer em ajud\u00e1-lo a planejar suas atividades, responder perguntas e ajustar sua agenda de acordo com seus interesses. Quer esteja viajando sozinho, em casal, com amigos ou em fam\u00edlia, garantiremos que sua experi\u00eancia seja exatamente como voc\u00ea imaginou.<\/p>\n<p>Al\u00e9m de ajud\u00e1-lo com sua reserva, forneceremos informa\u00e7\u00f5es detalhadas sobre cada passeio em El Calafate, incluindo hor\u00e1rios, pontos de encontro, equipamentos necess\u00e1rios e recomenda\u00e7\u00f5es para aproveitar ao m\u00e1ximo sua visita. Tamb\u00e9m priorizamos o cuidado ambiental em nossas atividades, garantindo que nossas opera\u00e7\u00f5es sejam sustent\u00e1veis e respeitem o ambiente natural.<\/p>\n<\/div>\n<p><svg xmlns=\"http:\/\/www.w3.org\/2000\/svg\" width=\"29\" height=\"31\" viewbox=\"0 0 29 31\" fill=\"none\"><path d=\"M6.19231 15.5007V9.63407C6.20853 8.48089 6.43646 7.34248 6.86303 6.28406C7.2896 5.22565 7.90643 4.26805 8.67817 3.46611C9.44992 2.66418 10.3614 2.03368 11.3604 1.61074C12.3594 1.1878 13.4263 0.980735 14.5 1.00141C15.5737 0.980735 16.6406 1.1878 17.6396 1.61074C18.6386 2.03368 19.5501 2.66418 20.3218 3.46611C21.0936 4.26805 21.7104 5.22565 22.137 6.28406C22.5635 7.34248 22.7915 8.48089 22.8077 9.63407V15.5007M18.6538 27.2117C19.7555 27.2117 20.8121 26.7416 21.5911 25.905C22.3701 25.0683 22.8077 23.9336 22.8077 22.7504V17.7314M18.6538 27.2117C18.6538 27.9512 18.3803 28.6604 17.8935 29.1833C17.4066 29.7062 16.7462 30 16.0577 30H12.9423C12.2538 30 11.5934 29.7062 11.1065 29.1833C10.6197 28.6604 10.3462 27.9512 10.3462 27.2117C10.3462 26.4722 10.6197 25.7629 11.1065 25.24C11.5934 24.7171 12.2538 24.4233 12.9423 24.4233H16.0577C16.7462 24.4233 17.4066 24.7171 17.8935 25.24C18.3803 25.7629 18.6538 26.4722 18.6538 27.2117ZM3.07692 12.1547H5.15385C5.42926 12.1547 5.6934 12.2722 5.88815 12.4814C6.0829 12.6906 6.19231 12.9742 6.19231 13.27V19.962C6.19231 20.2578 6.0829 20.5415 5.88815 20.7507C5.6934 20.9598 5.42926 21.0774 5.15385 21.0774H3.07692C2.52609 21.0774 1.99782 20.8423 1.60832 20.424C1.21882 20.0057 1 19.4383 1 18.8467V14.3854C1 13.7938 1.21882 13.2264 1.60832 12.8081C1.99782 12.3897 2.52609 12.1547 3.07692 12.1547ZM25.9231 21.0774H23.8462C23.5707 21.0774 23.3066 20.9598 23.1119 20.7507C22.9171 20.5415 22.8077 20.2578 22.8077 19.962V13.27C22.8077 12.9742 22.9171 12.6906 23.1119 12.4814C23.3066 12.2722 23.5707 12.1547 23.8462 12.1547H25.9231C26.4739 12.1547 27.0022 12.3897 27.3917 12.8081C27.7812 13.2264 28 13.7938 28 14.3854V18.8467C28 19.4383 27.7812 20.0057 27.3917 20.424C27.0022 20.8423 26.4739 21.0774 25.9231 21.0774Z\" stroke=\"#686868\" stroke-width=\"1.5\" stroke-linecap=\"round\" stroke-linejoin=\"round\"\/><\/svg><span class=\"plus-info\">Nossa plataforma de reservas on-line \u00e9 f\u00e1cil de usar e, se precisar de assist\u00eancia adicional, nossa equipe est\u00e1 a apenas uma mensagem de dist\u00e2ncia. Entre em contato conosco pelo telefone <a href=\"https:\/\/api.whatsapp.com\/send\/?phone=5491123993429&#038;text&#038;type=phone_number&#038;app_absent=0\" target=\"_blank\">+54 9 11 2399 3429<\/a> para receber aten\u00e7\u00e3o direta e personalizada. Estamos orgulhosos de fazer parte de sua viagem e tornar sua aventura em El Calafate, El Chalt\u00e9n e Torres del Paine uma experi\u00eancia inesquec\u00edvel, da qual voc\u00ea se lembrar\u00e1 para sempre. Estamos ansiosos para ajud\u00e1-lo a descobrir o melhor desses destinos \u00fanicos!<\/span><a title=\"A p\u00e1gina do whatsapp abre em uma nova janela\" href=\"https:\/\/api.whatsapp.com\/send\/?phone=5491123993429&amp;text&amp;type=phone_number&amp;app_absent=0\" target=\"_blank\" class=\"whatsapp-tours whatsapp\" rel=\"noopener\"><svg style=\"pointer-events:none; display:block; height:24px; width:24px;\" width=\"24px\" height=\"24px\" viewbox=\"0 0 1219.547 1225.016\">\n            <path style=\"fill: #E0E0E0;\" fill=\"#E0E0E0\" d=\"M1041.858 178.02C927.206 63.289 774.753.07 612.325 0 277.617 0 5.232 272.298 5.098 606.991c-.039 106.986 27.915 211.42 81.048 303.476L0 1225.016l321.898-84.406c88.689 48.368 188.547 73.855 290.166 73.896h.258.003c334.654 0 607.08-272.346 607.222-607.023.056-162.208-63.052-314.724-177.689-429.463zm-429.533 933.963h-.197c-90.578-.048-179.402-24.366-256.878-70.339l-18.438-10.93-191.021 50.083 51-186.176-12.013-19.087c-50.525-80.336-77.198-173.175-77.16-268.504.111-278.186 226.507-504.503 504.898-504.503 134.812.056 261.519 52.604 356.814 147.965 95.289 95.36 147.728 222.128 147.688 356.948-.118 278.195-226.522 504.543-504.693 504.543z\"><\/path>\n            <lineargradient id=\"htwaicona-chat\" gradientunits=\"userSpaceOnUse\" x1=\"609.77\" y1=\"1190.114\" x2=\"609.77\" y2=\"21.084\">\n                <stop id=\"s3_1_offset_1\" offset=\"0\" stop-color=\"#25D366\"><\/stop>\n                <stop id=\"s3_1_offset_2\" offset=\"1\" stop-color=\"#25D366\"><\/stop>\n            <\/lineargradient>\n            <path style=\"fill: url(#htwaicona-chat);\" fill=\"url(#htwaicona-chat)\" d=\"M27.875 1190.114l82.211-300.18c-50.719-87.852-77.391-187.523-77.359-289.602.133-319.398 260.078-579.25 579.469-579.25 155.016.07 300.508 60.398 409.898 169.891 109.414 109.492 169.633 255.031 169.57 409.812-.133 319.406-260.094 579.281-579.445 579.281-.023 0 .016 0 0 0h-.258c-96.977-.031-192.266-24.375-276.898-70.5l-307.188 80.548z\"><\/path>\n            <image overflow=\"visible\" opacity=\".08\" width=\"682\" height=\"639\" transform=\"translate(270.984 291.372)\"><\/image>\n            <path fill-rule=\"evenodd\" clip-rule=\"evenodd\" style=\"fill: #FFF;\" fill=\"#FFF\" d=\"M462.273 349.294c-11.234-24.977-23.062-25.477-33.75-25.914-8.742-.375-18.75-.352-28.742-.352-10 0-26.25 3.758-39.992 18.766-13.75 15.008-52.5 51.289-52.5 125.078 0 73.797 53.75 145.102 61.242 155.117 7.5 10 103.758 166.266 256.203 226.383 126.695 49.961 152.477 40.023 179.977 37.523s88.734-36.273 101.234-71.297c12.5-35.016 12.5-65.031 8.75-71.305-3.75-6.25-13.75-10-28.75-17.5s-88.734-43.789-102.484-48.789-23.75-7.5-33.75 7.516c-10 15-38.727 48.773-47.477 58.773-8.75 10.023-17.5 11.273-32.5 3.773-15-7.523-63.305-23.344-120.609-74.438-44.586-39.75-74.688-88.844-83.438-103.859-8.75-15-.938-23.125 6.586-30.602 6.734-6.719 15-17.508 22.5-26.266 7.484-8.758 9.984-15.008 14.984-25.008 5-10.016 2.5-18.773-1.25-26.273s-32.898-81.67-46.234-111.326z\"><\/path>\n            <path style=\"fill: #FFFFFF;\" fill=\"#FFF\" d=\"M1036.898 176.091C923.562 62.677 772.859.185 612.297.114 281.43.114 12.172 269.286 12.039 600.137 12 705.896 39.633 809.13 92.156 900.13L7 1211.067l318.203-83.438c87.672 47.812 186.383 73.008 286.836 73.047h.255.003c330.812 0 600.109-269.219 600.25-600.055.055-160.343-62.328-311.108-175.649-424.53zm-424.601 923.242h-.195c-89.539-.047-177.344-24.086-253.93-69.531l-18.227-10.805-188.828 49.508 50.414-184.039-11.875-18.867c-49.945-79.414-76.312-171.188-76.273-265.422.109-274.992 223.906-498.711 499.102-498.711 133.266.055 258.516 52 352.719 146.266 94.195 94.266 146.031 219.578 145.992 352.852-.118 274.999-223.923 498.749-498.899 498.749z\"><\/path><\/svg> Entre em contato conosco!<\/a><\/div>\n<\/section>","protected":false},"excerpt":{"rendered":"<p>Tours en El Calafate: Trekking sobre glaciares, navegaci\u00f3n y aventura patag\u00f3nicaTours en El Calafate El Calafate ofrece excursiones al Glaciar Perito Moreno desde , incluyendo trekking sobre hielo (Minitrekking y Big Ice), navegaciones por el Lago Argentino, y expediciones a glaciares remotos como Upsala y Spegazzini. Tambi\u00e9n organizamos tours a El Chalt\u00e9n y Torres del [&hellip;]<\/p>\n","protected":false},"author":10,"featured_media":0,"parent":0,"menu_order":9,"comment_status":"closed","ping_status":"closed","template":"","meta":{"_acf_changed":false,"footnotes":""},"folder":[523],"class_list":["post-27928","page","type-page","status-publish","hentry"],"acf":[],"yoast_head":"<!-- This site is optimized with the Yoast SEO plugin v27.3 - https:\/\/yoast.com\/product\/yoast-seo-wordpress\/ -->\n<title>+20 Tours en El Calafate 2026 \u2014 Glaciares, Trekking y Navegaci\u00f3n<\/title>\n<meta name=\"description\" content=\"Compar\u00e1 y reserv\u00e1 entre +20 excursiones: Minitrekking, Big Ice, Todo Glaciares, Safari Azul y m\u00e1s. Filtros por duraci\u00f3n, dificultad y tipo de actividad.\" \/>\n<meta name=\"robots\" content=\"index, follow, max-snippet:-1, max-image-preview:large, max-video-preview:-1\" \/>\n<link rel=\"canonical\" href=\"https:\/\/ux.toursandadventure.agency\/pt\/tours-en-el-calafate\/\" \/>\n<meta property=\"og:locale\" content=\"pt_BR\" \/>\n<meta property=\"og:type\" content=\"article\" \/>\n<meta property=\"og:title\" content=\"+20 Tours en El Calafate 2026 \u2014 Glaciares, Trekking y Navegaci\u00f3n\" \/>\n<meta property=\"og:description\" content=\"Compar\u00e1 y reserv\u00e1 entre +20 excursiones: Minitrekking, Big Ice, Todo Glaciares, Safari Azul y m\u00e1s. Filtros por duraci\u00f3n, dificultad y tipo de actividad.\" \/>\n<meta property=\"og:url\" content=\"https:\/\/ux.toursandadventure.agency\/pt\/tours-en-el-calafate\/\" \/>\n<meta property=\"og:site_name\" content=\"Calafate Tours\" \/>\n<meta property=\"article:publisher\" content=\"https:\/\/www.facebook.com\/calafatetours\" \/>\n<meta property=\"article:modified_time\" content=\"2026-02-10T15:07:33+00:00\" \/>\n<meta name=\"twitter:card\" content=\"summary_large_image\" \/>\n<meta name=\"twitter:label1\" content=\"Est. tempo de leitura\" \/>\n\t<meta name=\"twitter:data1\" content=\"2 minutos\" \/>\n<script type=\"application\/ld+json\" class=\"yoast-schema-graph\">{\"@context\":\"https:\\\/\\\/schema.org\",\"@graph\":[{\"@type\":[\"WebPage\",\"CollectionPage\"],\"@id\":\"https:\\\/\\\/ux.toursandadventure.agency\\\/tours-en-el-calafate\\\/\",\"url\":\"https:\\\/\\\/ux.toursandadventure.agency\\\/tours-en-el-calafate\\\/\",\"name\":\"+20 Tours en El Calafate 2026 \u2014 Glaciares, Trekking y Navegaci\u00f3n\",\"isPartOf\":{\"@id\":\"https:\\\/\\\/ux.toursandadventure.agency\\\/#website\"},\"datePublished\":\"2014-09-16T22:16:51+00:00\",\"dateModified\":\"2026-02-10T15:07:33+00:00\",\"description\":\"Compar\u00e1 y reserv\u00e1 entre +20 excursiones: Minitrekking, Big Ice, Todo Glaciares, Safari Azul y m\u00e1s. Filtros por duraci\u00f3n, dificultad y tipo de actividad.\",\"breadcrumb\":{\"@id\":\"https:\\\/\\\/ux.toursandadventure.agency\\\/tours-en-el-calafate\\\/#breadcrumb\"},\"inLanguage\":\"pt-BR\"},{\"@type\":\"BreadcrumbList\",\"@id\":\"https:\\\/\\\/ux.toursandadventure.agency\\\/tours-en-el-calafate\\\/#breadcrumb\",\"itemListElement\":[{\"@type\":\"ListItem\",\"position\":1,\"name\":\"Inicio\",\"item\":\"https:\\\/\\\/ux.toursandadventure.agency\\\/\"},{\"@type\":\"ListItem\",\"position\":2,\"name\":\"Tours\"}]},{\"@type\":\"WebSite\",\"@id\":\"https:\\\/\\\/ux.toursandadventure.agency\\\/#website\",\"url\":\"https:\\\/\\\/ux.toursandadventure.agency\\\/\",\"name\":\"Calafate Tours\",\"description\":\"Excursiones en El Calafate\",\"potentialAction\":[{\"@type\":\"SearchAction\",\"target\":{\"@type\":\"EntryPoint\",\"urlTemplate\":\"https:\\\/\\\/ux.toursandadventure.agency\\\/?s={search_term_string}\"},\"query-input\":{\"@type\":\"PropertyValueSpecification\",\"valueRequired\":true,\"valueName\":\"search_term_string\"}}],\"inLanguage\":\"pt-BR\"}]}<\/script>\n<!-- \/ Yoast SEO plugin. -->","yoast_head_json":{"title":"+20 Passeios em El Calafate 2026 - Geleiras, Trekking e Navega\u00e7\u00e3o","description":"Compare e reserve entre +20 excurs\u00f5es: Minitrekking, Big Ice, All Glaciers, Blue Safari e muito mais. Filtre por dura\u00e7\u00e3o, dificuldade e tipo de atividade.","robots":{"index":"index","follow":"follow","max-snippet":"max-snippet:-1","max-image-preview":"max-image-preview:large","max-video-preview":"max-video-preview:-1"},"canonical":"https:\/\/ux.toursandadventure.agency\/pt\/tours-en-el-calafate\/","og_locale":"pt_BR","og_type":"article","og_title":"+20 Tours en El Calafate 2026 \u2014 Glaciares, Trekking y Navegaci\u00f3n","og_description":"Compar\u00e1 y reserv\u00e1 entre +20 excursiones: Minitrekking, Big Ice, Todo Glaciares, Safari Azul y m\u00e1s. Filtros por duraci\u00f3n, dificultad y tipo de actividad.","og_url":"https:\/\/ux.toursandadventure.agency\/pt\/tours-en-el-calafate\/","og_site_name":"Calafate Tours","article_publisher":"https:\/\/www.facebook.com\/calafatetours","article_modified_time":"2026-02-10T15:07:33+00:00","twitter_card":"summary_large_image","twitter_misc":{"Est. tempo de leitura":"2 minutos"},"schema":{"@context":"https:\/\/schema.org","@graph":[{"@type":["WebPage","CollectionPage"],"@id":"https:\/\/ux.toursandadventure.agency\/tours-en-el-calafate\/","url":"https:\/\/ux.toursandadventure.agency\/tours-en-el-calafate\/","name":"+20 Passeios em El Calafate 2026 - Geleiras, Trekking e Navega\u00e7\u00e3o","isPartOf":{"@id":"https:\/\/ux.toursandadventure.agency\/#website"},"datePublished":"2014-09-16T22:16:51+00:00","dateModified":"2026-02-10T15:07:33+00:00","description":"Compare e reserve entre +20 excurs\u00f5es: Minitrekking, Big Ice, All Glaciers, Blue Safari e muito mais. Filtre por dura\u00e7\u00e3o, dificuldade e tipo de atividade.","breadcrumb":{"@id":"https:\/\/ux.toursandadventure.agency\/tours-en-el-calafate\/#breadcrumb"},"inLanguage":"pt-BR"},{"@type":"BreadcrumbList","@id":"https:\/\/ux.toursandadventure.agency\/tours-en-el-calafate\/#breadcrumb","itemListElement":[{"@type":"ListItem","position":1,"name":"Inicio","item":"https:\/\/ux.toursandadventure.agency\/"},{"@type":"ListItem","position":2,"name":"Tours"}]},{"@type":"WebSite","@id":"https:\/\/ux.toursandadventure.agency\/#website","url":"https:\/\/ux.toursandadventure.agency\/","name":"Passeios em Calafate","description":"Excurs\u00f5es em El Calafate","potentialAction":[{"@type":"SearchAction","target":{"@type":"EntryPoint","urlTemplate":"https:\/\/ux.toursandadventure.agency\/?s={search_term_string}"},"query-input":{"@type":"PropertyValueSpecification","valueRequired":true,"valueName":"search_term_string"}}],"inLanguage":"pt-BR"}]}},"_links":{"self":[{"href":"https:\/\/ux.toursandadventure.agency\/pt\/wp-json\/wp\/v2\/pages\/27928","targetHints":{"allow":["GET"]}}],"collection":[{"href":"https:\/\/ux.toursandadventure.agency\/pt\/wp-json\/wp\/v2\/pages"}],"about":[{"href":"https:\/\/ux.toursandadventure.agency\/pt\/wp-json\/wp\/v2\/types\/page"}],"author":[{"embeddable":true,"href":"https:\/\/ux.toursandadventure.agency\/pt\/wp-json\/wp\/v2\/users\/10"}],"replies":[{"embeddable":true,"href":"https:\/\/ux.toursandadventure.agency\/pt\/wp-json\/wp\/v2\/comments?post=27928"}],"version-history":[{"count":15,"href":"https:\/\/ux.toursandadventure.agency\/pt\/wp-json\/wp\/v2\/pages\/27928\/revisions"}],"predecessor-version":[{"id":78559,"href":"https:\/\/ux.toursandadventure.agency\/pt\/wp-json\/wp\/v2\/pages\/27928\/revisions\/78559"}],"wp:attachment":[{"href":"https:\/\/ux.toursandadventure.agency\/pt\/wp-json\/wp\/v2\/media?parent=27928"}],"wp:term":[{"taxonomy":"folder","embeddable":true,"href":"https:\/\/ux.toursandadventure.agency\/pt\/wp-json\/wp\/v2\/folder?post=27928"}],"curies":[{"name":"wp","href":"https:\/\/api.w.org\/{rel}","templated":true}]}}