{"id":8,"date":"2021-06-19T21:20:59","date_gmt":"2021-06-19T21:20:59","guid":{"rendered":"https:\/\/ux.toursandadventure.agency\/cart\/"},"modified":"2026-02-02T18:49:25","modified_gmt":"2026-02-02T21:49:25","slug":"cart","status":"publish","type":"page","link":"https:\/\/ux.toursandadventure.agency\/pt\/cart\/","title":{"rendered":"Carrinho"},"content":{"rendered":"<section class=\"cart-woo\">\n<nav class=\"checkout-breadcrumbs\">\n\t   <a href=\"\/pt\/cart\/\" class=\"current step-cart\"><span class=\"checkout-counter\"><svg xmlns=\"http:\/\/www.w3.org\/2000\/svg\" width=\"18\" height=\"18\" viewbox=\"0 0 18 18\" fill=\"none\">\n  <circle cx=\"9\" cy=\"9\" r=\"8.5\" fill=\"black\" stroke=\"white\"><\/circle>\n  <path d=\"M6.90625 5.75851L8.80755 5.0728H10.2621V12.3455H8.59976V6.82864L7.31144 7.18189L6.90625 5.75851Z\" fill=\"white\"><\/path>\n<\/svg><\/span><span class=\"checkout-name\">Carrinho<\/span><\/a><a href=\"\/pt\/checkout\/\" class=\"step-checkout hide-for-small\"><span class=\"checkout-counter\"><svg xmlns=\"http:\/\/www.w3.org\/2000\/svg\" width=\"16\" height=\"16\" viewbox=\"0 0 16 16\" fill=\"none\">\n  <circle cx=\"8\" cy=\"8\" r=\"8\" fill=\"#D4DFE8\"><\/circle>\n  <path d=\"M10.4801 11.3455H5.71497V10.2967L8.14843 7.792C8.68806 7.22182 8.96297 6.74328 8.96297 6.36655C8.96297 5.80655 8.57606 5.44 8.03643 5.44C7.49679 5.44 7.0997 5.71491 6.84515 6.27491L5.66406 5.58255C6.11206 4.60509 7.00806 4.07564 8.01606 4.07564C8.65752 4.07564 9.21752 4.27928 9.6757 4.68655C10.1339 5.08364 10.3681 5.63346 10.3681 6.31564C10.3681 7.05891 9.98115 7.81237 9.19715 8.59637L7.80224 9.99128H10.4801V11.3455Z\" fill=\"white\"><\/path>\n<\/svg><\/span><span class=\"checkout-name\">Detalhes<\/span><\/a><a href=\"#\" class=\"no-click step-complete hide-for-small\"><span class=\"checkout-counter\"><svg xmlns=\"http:\/\/www.w3.org\/2000\/svg\" width=\"16\" height=\"16\" viewbox=\"0 0 16 16\" fill=\"none\">\n  <circle cx=\"8\" cy=\"8\" r=\"8\" fill=\"#D4DFE8\"><\/circle>\n  <path d=\"M10.2993 5.37891L8.96547 7.10982C9.93274 7.39491 10.5946 8.13819 10.5946 9.14619C10.5946 9.87928 10.3502 10.4495 9.85129 10.8669C9.36256 11.2844 8.76183 11.488 8.0491 11.488C6.93929 11.488 6.00256 10.9687 5.60547 9.9811L6.80692 9.28873C6.98001 9.83855 7.39747 10.1135 8.0491 10.1135C8.77201 10.1135 9.18947 9.74691 9.18947 9.14619C9.18947 8.56582 8.77201 8.17891 8.0491 8.17891H7.74365L7.20401 7.36437L8.6091 5.53164H5.81929V4.21819H10.2993V5.37891Z\" fill=\"white\"><\/path>\n<\/svg><\/span><span class=\"checkout-name\">Pagamento<\/span><\/a><\/nav>\n<div class=\"cart-header\">\n<div class=\"cart-wrp\">\n<h1 class=\"titulo-cart\">Carrinho<\/h1>\n<div class=\"qty-container\">\n<div class=\"cart-qty\"><\/div>\n<\/div>\n<\/div>\n<p><button id=\"vaciar-carrito\">Carrinho vazio<\/button><\/p><\/div>\n<\/section>\n<div class=\"modal-backdrop\">\n<div class=\"modal-contents\">\n<div class=\"modal-icon\">\n<svg xmlns=\"http:\/\/www.w3.org\/2000\/svg\" width=\"25\" height=\"22\" viewbox=\"0 0 25 22\" fill=\"none\">\n  <path d=\"M10.99 1.23856C9.20664 1.81752 7.9068 4.06493 5.30821 8.56081C2.70853 13.0567 1.40869 15.3052 1.79854 17.1368C2.01068 18.1397 2.53864 19.0525 3.30837 19.7473C4.7019 21 7.30158 21 12.4998 21C17.6981 21 20.2978 21 21.6913 19.7463C22.4581 19.0579 22.9858 18.1442 23.2012 17.1357C23.5899 15.3041 22.2912 13.0556 19.6915 8.56081C17.0929 4.06493 15.7931 1.81752 14.0097 1.23856C13.0294 0.920481 11.9703 0.920481 10.99 1.23856Z\" stroke=\"#009ABB\" stroke-width=\"1.5\" stroke-linecap=\"round\" stroke-linejoin=\"round\"><\/path>\n  <path d=\"M12.5 7.9231V11.3846\" stroke=\"#009ABB\" stroke-width=\"2\" stroke-linecap=\"round\" stroke-linejoin=\"round\"><\/path>\n  <path d=\"M12.5 14.8461H12.5087\" stroke=\"#009ABB\" stroke-width=\"2.5\" stroke-linecap=\"round\" stroke-linejoin=\"round\"><\/path>\n<\/svg>\n        <\/div>\n<div class=\"modal-message\">\n<h2>Excluir item<\/h2>\n<p>Tem certeza de que deseja remover este item do seu carrinho?<\/p>\n<\/div>\n<div class=\"modal-actions\">\n            <button class=\"btn-cancel\">Cancelar<\/button><br \/>\n            <button class=\"btn-confirm\">Sim<\/button>\n        <\/div>\n<\/div>\n<\/div>","protected":false},"excerpt":{"rendered":"<p>Carrito Detalles Pago Carrito Vaciar Carrito Eliminar \u00edtem \u00bfEst\u00e1 seguro de eliminar este \u00edtem del carrito? Cancelar S\u00ed<\/p>","protected":false},"author":10,"featured_media":0,"parent":0,"menu_order":5,"comment_status":"closed","ping_status":"closed","template":"","meta":{"_acf_changed":false,"footnotes":""},"folder":[557],"class_list":["post-8","page","type-page","status-publish","hentry"],"acf":[],"yoast_head":"<!-- This site is optimized with the Yoast SEO plugin v27.3 - https:\/\/yoast.com\/product\/yoast-seo-wordpress\/ -->\n<title>Cart - Calafate Tours<\/title>\n<meta name=\"description\" content=\"Reserv\u00e1 excursiones, tours y actividades en El Calafate, El Chalt\u00e9n, Torres del Paine y Ushuaia.\" \/>\n<meta name=\"robots\" content=\"noindex, follow\" \/>\n<meta property=\"og:locale\" content=\"pt_BR\" \/>\n<meta property=\"og:type\" content=\"article\" \/>\n<meta property=\"og:title\" content=\"Cart - Calafate Tours\" \/>\n<meta property=\"og:description\" content=\"Reserv\u00e1 excursiones, tours y actividades en El Calafate, El Chalt\u00e9n, Torres del Paine y Ushuaia.\" \/>\n<meta property=\"og:url\" content=\"https:\/\/ux.toursandadventure.agency\/pt\/cart\/\" \/>\n<meta property=\"og:site_name\" content=\"Calafate Tours\" \/>\n<meta property=\"article:publisher\" content=\"https:\/\/www.facebook.com\/calafatetours\" \/>\n<meta property=\"article:modified_time\" content=\"2026-02-02T21:49:25+00:00\" \/>\n<meta name=\"twitter:card\" content=\"summary_large_image\" \/>\n<meta name=\"twitter:label1\" content=\"Est. tempo de leitura\" \/>\n\t<meta name=\"twitter:data1\" content=\"1 minuto\" \/>\n<script type=\"application\/ld+json\" class=\"yoast-schema-graph\">{\"@context\":\"https:\\\/\\\/schema.org\",\"@graph\":[{\"@type\":\"WebPage\",\"@id\":\"https:\\\/\\\/ux.toursandadventure.agency\\\/cart\\\/\",\"url\":\"https:\\\/\\\/ux.toursandadventure.agency\\\/cart\\\/\",\"name\":\"Cart - Calafate Tours\",\"isPartOf\":{\"@id\":\"https:\\\/\\\/ux.toursandadventure.agency\\\/#website\"},\"datePublished\":\"2021-06-19T21:20:59+00:00\",\"dateModified\":\"2026-02-02T21:49:25+00:00\",\"description\":\"Reserv\u00e1 excursiones, tours y actividades en El Calafate, El Chalt\u00e9n, Torres del Paine y Ushuaia.\",\"breadcrumb\":{\"@id\":\"https:\\\/\\\/ux.toursandadventure.agency\\\/cart\\\/#breadcrumb\"},\"inLanguage\":\"pt-BR\",\"potentialAction\":[{\"@type\":\"ReadAction\",\"target\":[\"https:\\\/\\\/ux.toursandadventure.agency\\\/cart\\\/\"]}]},{\"@type\":\"BreadcrumbList\",\"@id\":\"https:\\\/\\\/ux.toursandadventure.agency\\\/cart\\\/#breadcrumb\",\"itemListElement\":[{\"@type\":\"ListItem\",\"position\":1,\"name\":\"Inicio\",\"item\":\"https:\\\/\\\/ux.toursandadventure.agency\\\/\"},{\"@type\":\"ListItem\",\"position\":2,\"name\":\"Cart\"}]},{\"@type\":\"WebSite\",\"@id\":\"https:\\\/\\\/ux.toursandadventure.agency\\\/#website\",\"url\":\"https:\\\/\\\/ux.toursandadventure.agency\\\/\",\"name\":\"Calafate Tours\",\"description\":\"Excursiones en El Calafate\",\"potentialAction\":[{\"@type\":\"SearchAction\",\"target\":{\"@type\":\"EntryPoint\",\"urlTemplate\":\"https:\\\/\\\/ux.toursandadventure.agency\\\/?s={search_term_string}\"},\"query-input\":{\"@type\":\"PropertyValueSpecification\",\"valueRequired\":true,\"valueName\":\"search_term_string\"}}],\"inLanguage\":\"pt-BR\"}]}<\/script>\n<!-- \/ Yoast SEO plugin. -->","yoast_head_json":{"title":"Carrinho - Calafate Tours","description":"Reserve excurs\u00f5es, passeios e atividades em El Calafate, El Chalt\u00e9n, Torres del Paine e Ushuaia.","robots":{"index":"noindex","follow":"follow"},"og_locale":"pt_BR","og_type":"article","og_title":"Cart - Calafate Tours","og_description":"Reserv\u00e1 excursiones, tours y actividades en El Calafate, El Chalt\u00e9n, Torres del Paine y Ushuaia.","og_url":"https:\/\/ux.toursandadventure.agency\/pt\/cart\/","og_site_name":"Calafate Tours","article_publisher":"https:\/\/www.facebook.com\/calafatetours","article_modified_time":"2026-02-02T21:49:25+00:00","twitter_card":"summary_large_image","twitter_misc":{"Est. tempo de leitura":"1 minuto"},"schema":{"@context":"https:\/\/schema.org","@graph":[{"@type":"WebPage","@id":"https:\/\/ux.toursandadventure.agency\/cart\/","url":"https:\/\/ux.toursandadventure.agency\/cart\/","name":"Carrinho - Calafate Tours","isPartOf":{"@id":"https:\/\/ux.toursandadventure.agency\/#website"},"datePublished":"2021-06-19T21:20:59+00:00","dateModified":"2026-02-02T21:49:25+00:00","description":"Reserve excurs\u00f5es, passeios e atividades em El Calafate, El Chalt\u00e9n, Torres del Paine e Ushuaia.","breadcrumb":{"@id":"https:\/\/ux.toursandadventure.agency\/cart\/#breadcrumb"},"inLanguage":"pt-BR","potentialAction":[{"@type":"ReadAction","target":["https:\/\/ux.toursandadventure.agency\/cart\/"]}]},{"@type":"BreadcrumbList","@id":"https:\/\/ux.toursandadventure.agency\/cart\/#breadcrumb","itemListElement":[{"@type":"ListItem","position":1,"name":"Inicio","item":"https:\/\/ux.toursandadventure.agency\/"},{"@type":"ListItem","position":2,"name":"Cart"}]},{"@type":"WebSite","@id":"https:\/\/ux.toursandadventure.agency\/#website","url":"https:\/\/ux.toursandadventure.agency\/","name":"Passeios em Calafate","description":"Excurs\u00f5es em El Calafate","potentialAction":[{"@type":"SearchAction","target":{"@type":"EntryPoint","urlTemplate":"https:\/\/ux.toursandadventure.agency\/?s={search_term_string}"},"query-input":{"@type":"PropertyValueSpecification","valueRequired":true,"valueName":"search_term_string"}}],"inLanguage":"pt-BR"}]}},"_links":{"self":[{"href":"https:\/\/ux.toursandadventure.agency\/pt\/wp-json\/wp\/v2\/pages\/8","targetHints":{"allow":["GET"]}}],"collection":[{"href":"https:\/\/ux.toursandadventure.agency\/pt\/wp-json\/wp\/v2\/pages"}],"about":[{"href":"https:\/\/ux.toursandadventure.agency\/pt\/wp-json\/wp\/v2\/types\/page"}],"author":[{"embeddable":true,"href":"https:\/\/ux.toursandadventure.agency\/pt\/wp-json\/wp\/v2\/users\/10"}],"replies":[{"embeddable":true,"href":"https:\/\/ux.toursandadventure.agency\/pt\/wp-json\/wp\/v2\/comments?post=8"}],"version-history":[{"count":1,"href":"https:\/\/ux.toursandadventure.agency\/pt\/wp-json\/wp\/v2\/pages\/8\/revisions"}],"predecessor-version":[{"id":78422,"href":"https:\/\/ux.toursandadventure.agency\/pt\/wp-json\/wp\/v2\/pages\/8\/revisions\/78422"}],"wp:attachment":[{"href":"https:\/\/ux.toursandadventure.agency\/pt\/wp-json\/wp\/v2\/media?parent=8"}],"wp:term":[{"taxonomy":"folder","embeddable":true,"href":"https:\/\/ux.toursandadventure.agency\/pt\/wp-json\/wp\/v2\/folder?post=8"}],"curies":[{"name":"wp","href":"https:\/\/api.w.org\/{rel}","templated":true}]}}