{"id":60337,"date":"2022-03-14T19:28:20","date_gmt":"2022-03-14T22:28:20","guid":{"rendered":"https:\/\/ux.toursandadventure.agency\/?post_type=product&#038;p=60337"},"modified":"2025-10-28T17:57:07","modified_gmt":"2025-10-28T20:57:07","slug":"nativo-experience-almuerzo","status":"publish","type":"product","link":"https:\/\/ux.toursandadventure.agency\/pt\/tours\/nativo-experience-almuerzo\/","title":{"rendered":"Experi\u00eancia Nativa \u2013 Almo\u00e7o"},"content":{"rendered":"<p>[vc_row][vc_column width=\u00bb2\/3&#8243;][vc_column_text]<\/p>\n<h3>Sum\u00e9rgete en la Riqueza Hist\u00f3rica y Natural con Nativo Experience<\/h3>\n<p>Descubre la esencia de la Patagonia a trav\u00e9s de Nativo Experience, una actividad de medio d\u00eda perfecta para tu llegada o partida de El Calafate. Este tour ofrece un enfoque \u00fanico, combinando elementos antropol\u00f3gicos e hist\u00f3ricos que te llevar\u00e1n a explorar las huellas de las primeras expediciones en las tierras australes, en las inmediaciones del R\u00edo Santa Cruz y el Lago Argentino.<\/p>\n<h4>Detalles del Recorrido:<\/h4>\n<ul>\n<li style=\"list-style-type: none;\">\n<ul>\n<li><strong>Traves\u00eda en 4&#215;4 por la Costa del Lago Argentino:<\/strong><br \/>\nComienza tu viaje en nuestros c\u00f3modos veh\u00edculos 4&#215;4, explorando la pintoresca costa del Lago Argentino. Nuestros gu\u00edas te brindar\u00e1n informaci\u00f3n sobre la flora y fauna aut\u00f3ctona, as\u00ed como detalles sobre glaciolog\u00eda y geolog\u00eda.<\/li>\n<li><strong>Acantilados Panor\u00e1micos:<\/strong><br \/>\nLa primera parada te llevar\u00e1 a los impresionantes acantilados frente al Lago Argentino, ofreci\u00e9ndote vistas panor\u00e1micas que abarcan desde el entorno local hasta la majestuosa Cordillera de los Andes. Se visitar\u00e1 el Mirador del Acantilado, en donde podr\u00e1s avistar la Cordillera de los Andes y Lago Argentino con una vista privilegiada.<\/li>\n<li><strong>Zona Arqueol\u00f3gica y Cuevas de Walichu:<\/strong><br \/>\nAd\u00e9ntrate en la riqueza cultural visitando la zona arqueol\u00f3gica con antiguas cuevas. Contempla las pinturas rupestres dejadas por la cultura Tehuelche hace milenios.<\/li>\n<li><strong>Almuerzo:<\/strong><br \/>\nDisfruta de un almuerzo \u00fanico dentro de las cuevas de Walichu para adentrarse y descubrir los rasgos m\u00e1s profundos del pueblo ahonikenk.<\/li>\n<\/ul>\n<\/li>\n<\/ul>\n<h4><strong>Men\u00fas del Almuerzo:<\/strong><\/h4>\n<ul>\n<li style=\"list-style-type: none;\">\n<ul>\n<li><strong>Men\u00fa Normal:<\/strong><br \/>\nSopa de calabaza, cazuela de cordero, mousse de chocolate. Bebida inclu\u00edda.<\/li>\n<li><strong>Men\u00fa Vegetariano:<\/strong><br \/>\nSopa de calabaza, cazuela de verdura, mousse de chocolate. Bebida inclu\u00edda.<\/li>\n<\/ul>\n<\/li>\n<\/ul>\n<p>[\/vc_column_text][vc_empty_space height=\u00bb14px\u00bb][vc_column_text]Reserva ahora y sum\u00e9rgete en la rica historia y belleza natural con Nativo Experience. Una experiencia \u00fanica que quedar\u00e1 grabada en tu memoria.[\/vc_column_text][vc_row_inner][vc_column_inner][vc_empty_space height=\u00bb2px\u00bb][vc_empty_space height=\u00bb10px\u00bb][vc_text_separator title=\u00bbA tener en cuenta\u00bb][vc_empty_space height=\u00bb10px\u00bb][vc_column_text]Descubre la maravilla de nuestro tour de 3 1\/2 horas, dise\u00f1ado para ofrecerte una experiencia \u00fanica. Aqu\u00ed te presentamos todos los detalles esenciales:[\/vc_column_text][dt_vc_list dividers=\u00bbfalse\u00bb]<\/p>\n<ul>\n<li>Duraci\u00f3n:<\/li>\n<\/ul>\n<p>[\/dt_vc_list][vc_column_text]<\/p>\n<ul>\n<li style=\"list-style-type: none;\">\n<ul>\n<li>Sum\u00e9rgete en una jornada de 3 1\/2 horas, con la flexibilidad de que el horario de recogida por hoteles puede variar hasta 30 minutos.<\/li>\n<\/ul>\n<\/li>\n<\/ul>\n<p>[\/vc_column_text][dt_vc_list dividers=\u00bbfalse\u00bb]<\/p>\n<ul>\n<li>Nivel de dificultad:<\/li>\n<\/ul>\n<p>[\/dt_vc_list][vc_column_text]<\/p>\n<ul>\n<li style=\"list-style-type: none;\">\n<ul>\n<li>Clasificado como de dificultad <span style=\"color: #79c6d8;\"><strong>f\u00e1cil<\/strong><\/span>, perfecto para todos los niveles de experiencia.<\/li>\n<\/ul>\n<\/li>\n<\/ul>\n<p>[\/vc_column_text][dt_vc_list dividers=\u00bbfalse\u00bb]<\/p>\n<ul>\n<li>Edad:<\/li>\n<\/ul>\n<p>[\/dt_vc_list][vc_column_text]<\/p>\n<ul>\n<li style=\"list-style-type: none;\">\n<ul>\n<li>Tour apto para todas las edades, garantizando una experiencia inclusiva para todos los miembros de la familia.<\/li>\n<\/ul>\n<\/li>\n<\/ul>\n<p>[\/vc_column_text][dt_vc_list dividers=\u00bbfalse\u00bb]<\/p>\n<ul>\n<li>Recomendaciones:<\/li>\n<\/ul>\n<p>[\/dt_vc_list][vc_column_text]<\/p>\n<ul>\n<li style=\"list-style-type: none;\">\n<ul>\n<li>Prep\u00e1rate para el d\u00eda llevando ropa abrigada, incluyendo camisa, polar y una campera abrigada.<\/li>\n<li>Opta por calzado c\u00f3modo, guantes y gorro para garantizar tu comodidad durante todo el recorrido.<\/li>\n<\/ul>\n<\/li>\n<\/ul>\n<p>[\/vc_column_text][dt_vc_list dividers=\u00bbfalse\u00bb]<\/p>\n<ul>\n<li>Incluye:<\/li>\n<\/ul>\n<p>[\/dt_vc_list][vc_column_text]<\/p>\n<ul>\n<li style=\"list-style-type: none;\">\n<ul>\n<li>Traslado c\u00f3modo desde tu hotel, asegurando un inicio sin complicaciones. En caso de no hospedarte en hotel o hostel, se asignar\u00e1 un punto de encuentro para comenzar el tour.<\/li>\n<li>Disfruta de un almuerzo y bebidas dentro de las cautivadoras Cuevas Walichu, sumergi\u00e9ndote en una experiencia gastron\u00f3mica \u00fanica.<\/li>\n<li>Obt\u00e9n acceso a la Reserva Natural Estancia 25 de Mayo, donde la naturaleza te sorprender\u00e1 en cada rinc\u00f3n.<\/li>\n<li>Acompa\u00f1ado por un gu\u00eda experimentado, descubre los secretos y la historia detr\u00e1s de cada paso.<\/li>\n<\/ul>\n<\/li>\n<\/ul>\n<p>[\/vc_column_text][vc_empty_space height=\u00bb10px\u00bb][vc_empty_space height=\u00bb10px\u00bb][vc_column_text el_class=\u00bbta\u00bb]<\/p>\n<div style=\"margin-top: -10px;\">Descubre la magia de las Cuevas Walichu y la Reserva Natural Estancia 25 de Mayo con la comodidad y seguridad que ofrecen nuestros tours. \u00a1Reserva ahora y prep\u00e1rate para vivir una jornada inolvidable!<\/div>\n<p>[\/vc_column_text][vc_empty_space height=\u00bb10px\u00bb][\/vc_column_inner][\/vc_row_inner][vc_column_text el_class=\u00bbtyc\u00bb]<a href=\"https:\/\/ux.toursandadventure.agency\/terminos-y-condiciones\/\">Ver t\u00e9rminos y<\/a><a href=\"https:\/\/ux.toursandadventure.agency\/terminos-y-condiciones\/\"> condiciones<\/a>[\/vc_column_text][\/vc_column][vc_column width=\u00bb1\/3&#8243;][vc_single_image image=\u00bb66889&#8243; img_size=\u00bbfull\u00bb][\/vc_column][\/vc_row][vc_row][vc_column][vc_empty_space height=\u00bb100px\u00bb][ultimate_heading main_heading=\u00bbRecorrido Nativo Experience\u00bb heading_tag=\u00bbh3&#8243;][\/ultimate_heading][\/vc_column][\/vc_row][vc_row css=\u00bb.vc_custom_1678333826134{margin-right: -95px !important;margin-left: -125px !important;border-right-width: -150px !important;border-left-width: -150px !important;padding-right: -150px !important;padding-left: -150px !important;background-color: #ffffff !important;}\u00bb][vc_column][vc_empty_space][vc_gmaps link=\u00bb#E-8_JTNDaWZyYW1lJTIwc3JjJTNEJTIyaHR0cHMlM0ElMkYlMkZ3d3cuZ29vZ2xlLmNvbSUyRm1hcHMlMkZkJTJGdSUyRjQlMkZlbWJlZCUzRm1pZCUzRDEwT0h1dklBMlJEMmZoNDVCZW1wVUtHejhkcFNfWDdMNiUyMiUyMHdpZHRoJTNEJTIyMTkyMCUyMiUyMGhlaWdodCUzRCUyMjQ4MCUyMiUzRSUzQyUyRmlmcmFtZSUzRQ==\u00bb css=\u00bb.vc_custom_1678496718472{margin-top: 0px !important;margin-right: 0px !important;margin-bottom: 0px !important;margin-left: 0px !important;border-top-width: 0px !important;border-right-width: 0px !important;border-left-width: 0px !important;padding-top: 0px !important;padding-right: 0px !important;padding-bottom: 0px !important;padding-left: 0px !important;}\u00bb][vc_empty_space height=\u00bb100px\u00bb][\/vc_column][\/vc_row][vc_row css=\u00bb.vc_custom_1677945703871{margin-bottom: 0px !important;}\u00bb][vc_column][ultimate_heading main_heading=\u00bbGALER\u00cdA\u00bb heading_tag=\u00bbh3&#8243;][\/ultimate_heading][vc_empty_space][ultimate_carousel slides_on_desk=\u00bb3&#8243; slides_on_mob=\u00bb1&#8243; arrow_style=\u00bbcircle-bg\u00bb arrow_bg_color=\u00bb#0a468d\u00bb arrow_color=\u00bb#ffffff\u00bb arrow_size=\u00bb34&#8243; dots=\u00bboff\u00bb][vc_single_image image=\u00bb66890&#8243; img_size=\u00bb350&#215;350&#8243; alignment=\u00bbcenter\u00bb onclick=\u00bblink_image\u00bb][vc_single_image image=\u00bb66891&#8243; img_size=\u00bb350&#215;350&#8243; alignment=\u00bbcenter\u00bb onclick=\u00bblink_image\u00bb][vc_single_image image=\u00bb66892&#8243; img_size=\u00bb350&#215;350&#8243; alignment=\u00bbcenter\u00bb onclick=\u00bblink_image\u00bb][vc_single_image image=\u00bb66893&#8243; img_size=\u00bb350&#215;350&#8243; alignment=\u00bbcenter\u00bb onclick=\u00bblink_image\u00bb][vc_single_image image=\u00bb66894&#8243; img_size=\u00bb350&#215;350&#8243; alignment=\u00bbcenter\u00bb onclick=\u00bblink_image\u00bb][\/ultimate_carousel][vc_empty_space][\/vc_column][\/vc_row][vc_row][vc_column][ultimate_heading main_heading=\u00bbPreguntas frecuentes\u00bb][\/ultimate_heading][vc_row_inner][vc_column_inner][vc_empty_space height=\u00bb15px\u00bb][dt_fancy_separator][vc_empty_space height=\u00bb10px\u00bb][vc_toggle title=\u00bb\u00bfCu\u00e1l es el men\u00fa del almuerzo?\u00bb style=\u00bbarrow\u00bb size=\u00bblg\u00bb css_animation=\u00bbnone\u00bb]Normal: Sopa de calabaza, cazuela de cordero, mousse de chocolate y bebida incluida.<\/p>\n<p>Vegetariano: Sopa de calabaza, cazuela de verduras, mousse de chocolate y bebida incluida.<\/p>\n<p>No es posible solicitar otro men\u00fa debido a que la cena se realiza en un \u00e1rea agreste en donde es imposible disponer de apoyo gastron\u00f3mico.[\/vc_toggle][\/vc_column_inner][\/vc_row_inner][vc_row_inner][vc_column_inner][vc_empty_space height=\u00bb15px\u00bb][dt_fancy_separator][vc_empty_space height=\u00bb10px\u00bb][vc_toggle title=\u00bb\u00bfEs posible realizar el tour sin traslados?\u00bb style=\u00bbarrow\u00bb size=\u00bblg\u00bb css_animation=\u00bbnone\u00bb]No es posible debido a que el \u00e1rea de ingreso debe realizarse en veh\u00edculo 4&#215;4 junto al grupo que toma el tour.[\/vc_toggle][\/vc_column_inner][\/vc_row_inner][vc_row_inner][vc_column_inner][vc_empty_space height=\u00bb15px\u00bb][dt_fancy_separator][vc_empty_space height=\u00bb10px\u00bb][vc_toggle title=\u00bb\u00bfEs posible realizar el tour el d\u00eda de llegada?\u00bb style=\u00bbarrow\u00bb size=\u00bblg\u00bb css_animation=\u00bbnone\u00bb]<span style=\"font-weight: 400;\">Nativo Experience cena es ideal para realizar el d\u00eda que se arriba a El Calafate, debido a que el comienzo se da a partir de las 5pm.<\/span>[\/vc_toggle][\/vc_column_inner][\/vc_row_inner][vc_row_inner][vc_column_inner][vc_empty_space height=\u00bb15px\u00bb][dt_fancy_separator][vc_empty_space height=\u00bb10px\u00bb][vc_toggle title=\u00bb\u00bfSe visita la Cueva de las Manos?\u00bb style=\u00bbarrow\u00bb size=\u00bblg\u00bb css_animation=\u00bbnone\u00bb]<span style=\"font-weight: 400;\">No, la Cueva de las Manos se encuentra en la localidad de Perito Moreno pero no corresponde al tour Nativo Experience. Durante nuestro recorrido visitamos las Cuevas de Walichu.<\/span>[\/vc_toggle][\/vc_column_inner][\/vc_row_inner][vc_row_inner][vc_column_inner][vc_empty_space height=\u00bb15px\u00bb][dt_fancy_separator][vc_empty_space height=\u00bb10px\u00bb][vc_toggle title=\u00bb\u00bfEs accesible para personas de movilidad reducida?\u00bb style=\u00bbarrow\u00bb size=\u00bblg\u00bb css_animation=\u00bbnone\u00bb]No es accesible para pasajeros con sillas de ruedas o movilidad reducida. El tramo 4&#215;4 no presenta dificultad pero al llegar a Punta Walichu se caminar\u00e1 1km atravesando el \u00e1rea arqueol\u00f3gica, la cual presenta terreno irregular.<\/p>\n<p><span style=\"font-weight: 400;\">\u00a0<\/span>[\/vc_toggle][\/vc_column_inner][\/vc_row_inner][vc_empty_space][\/vc_column][\/vc_row]<\/p>\n","protected":false},"excerpt":{"rendered":"<p>4&#215;4 por costa del Lago Argentino + almuerzo<\/p>","protected":false},"featured_media":66890,"template":"","meta":{"_acf_changed":false},"product_brand":[],"product_cat":[634],"product_tag":[],"wt_location":[],"class_list":{"0":"post-60337","1":"product","2":"type-product","3":"status-publish","4":"has-post-thumbnail","6":"product_cat-estancias-turisticas","8":"first","9":"instock","10":"shipping-taxable","11":"product-type-external"},"acf":[],"yoast_head":"<!-- This site is optimized with the Yoast SEO plugin v27.3 - https:\/\/yoast.com\/product\/yoast-seo-wordpress\/ -->\n<title>Nativo Experience - Almuerzo - Calafate Tours<\/title>\n<meta name=\"description\" content=\"Nativo Experience is a day tour within the Estancia 25 de Mayo Natural Reserve with dinner included inside the walichu cave.\" \/>\n<meta name=\"robots\" content=\"noindex, nofollow\" \/>\n<meta property=\"og:locale\" content=\"pt_BR\" \/>\n<meta property=\"og:type\" content=\"article\" \/>\n<meta property=\"og:title\" content=\"Nativo Experience - Almuerzo - Calafate Tours\" \/>\n<meta property=\"og:description\" content=\"Nativo Experience is a day tour within the Estancia 25 de Mayo Natural Reserve with dinner included inside the walichu cave.\" \/>\n<meta property=\"og:url\" content=\"https:\/\/ux.toursandadventure.agency\/pt\/tours\/nativo-experience-almuerzo\/\" \/>\n<meta property=\"og:site_name\" content=\"Calafate Tours\" \/>\n<meta property=\"article:publisher\" content=\"https:\/\/www.facebook.com\/calafatetours\" \/>\n<meta property=\"article:modified_time\" content=\"2025-10-28T20:57:07+00:00\" \/>\n<meta property=\"og:image\" content=\"https:\/\/ux.toursandadventure.agency\/wp-content\/uploads\/2022\/03\/nativo-almuerzo-portada.webp\" \/>\n\t<meta property=\"og:image:width\" content=\"750\" \/>\n\t<meta property=\"og:image:height\" content=\"500\" \/>\n\t<meta property=\"og:image:type\" content=\"image\/webp\" \/>\n<meta name=\"twitter:card\" content=\"summary_large_image\" \/>\n<meta name=\"twitter:label1\" content=\"Est. tempo de leitura\" \/>\n\t<meta name=\"twitter:data1\" content=\"5 minutos\" \/>\n<script type=\"application\/ld+json\" class=\"yoast-schema-graph\">{\"@context\":\"https:\\\/\\\/schema.org\",\"@graph\":[{\"@type\":\"WebPage\",\"@id\":\"https:\\\/\\\/ux.toursandadventure.agency\\\/tours\\\/nativo-experience-almuerzo\\\/\",\"url\":\"https:\\\/\\\/ux.toursandadventure.agency\\\/tours\\\/nativo-experience-almuerzo\\\/\",\"name\":\"Nativo Experience - Almuerzo - Calafate Tours\",\"isPartOf\":{\"@id\":\"https:\\\/\\\/ux.toursandadventure.agency\\\/#website\"},\"primaryImageOfPage\":{\"@id\":\"https:\\\/\\\/ux.toursandadventure.agency\\\/tours\\\/nativo-experience-almuerzo\\\/#primaryimage\"},\"image\":{\"@id\":\"https:\\\/\\\/ux.toursandadventure.agency\\\/tours\\\/nativo-experience-almuerzo\\\/#primaryimage\"},\"thumbnailUrl\":\"https:\\\/\\\/ux.toursandadventure.agency\\\/wp-content\\\/uploads\\\/2022\\\/03\\\/nativo-almuerzo-portada.webp\",\"datePublished\":\"2022-03-14T22:28:20+00:00\",\"dateModified\":\"2025-10-28T20:57:07+00:00\",\"description\":\"Nativo Experience is a day tour within the Estancia 25 de Mayo Natural Reserve with dinner included inside the walichu cave.\",\"breadcrumb\":{\"@id\":\"https:\\\/\\\/ux.toursandadventure.agency\\\/tours\\\/nativo-experience-almuerzo\\\/#breadcrumb\"},\"inLanguage\":\"pt-BR\",\"potentialAction\":[{\"@type\":\"ReadAction\",\"target\":[\"https:\\\/\\\/ux.toursandadventure.agency\\\/tours\\\/nativo-experience-almuerzo\\\/\"]}]},{\"@type\":\"ImageObject\",\"inLanguage\":\"pt-BR\",\"@id\":\"https:\\\/\\\/ux.toursandadventure.agency\\\/tours\\\/nativo-experience-almuerzo\\\/#primaryimage\",\"url\":\"https:\\\/\\\/ux.toursandadventure.agency\\\/wp-content\\\/uploads\\\/2022\\\/03\\\/nativo-almuerzo-portada.webp\",\"contentUrl\":\"https:\\\/\\\/ux.toursandadventure.agency\\\/wp-content\\\/uploads\\\/2022\\\/03\\\/nativo-almuerzo-portada.webp\",\"width\":750,\"height\":500,\"caption\":\"excursion nativo experience almuerzo\"},{\"@type\":\"BreadcrumbList\",\"@id\":\"https:\\\/\\\/ux.toursandadventure.agency\\\/tours\\\/nativo-experience-almuerzo\\\/#breadcrumb\",\"itemListElement\":[{\"@type\":\"ListItem\",\"position\":1,\"name\":\"Inicio\",\"item\":\"https:\\\/\\\/ux.toursandadventure.agency\\\/\"},{\"@type\":\"ListItem\",\"position\":2,\"name\":\"Nativo Experience &#8211; Almuerzo\"}]},{\"@type\":\"WebSite\",\"@id\":\"https:\\\/\\\/ux.toursandadventure.agency\\\/#website\",\"url\":\"https:\\\/\\\/ux.toursandadventure.agency\\\/\",\"name\":\"Calafate Tours\",\"description\":\"Excursiones en El Calafate\",\"potentialAction\":[{\"@type\":\"SearchAction\",\"target\":{\"@type\":\"EntryPoint\",\"urlTemplate\":\"https:\\\/\\\/ux.toursandadventure.agency\\\/?s={search_term_string}\"},\"query-input\":{\"@type\":\"PropertyValueSpecification\",\"valueRequired\":true,\"valueName\":\"search_term_string\"}}],\"inLanguage\":\"pt-BR\"}]}<\/script>\n<!-- \/ Yoast SEO plugin. -->","yoast_head_json":{"title":"Nativo Experience - Almuerzo - Calafate Tours","description":"Nativo Experience is a day tour within the Estancia 25 de Mayo Natural Reserve with dinner included inside the walichu cave.","robots":{"index":"noindex","follow":"nofollow"},"og_locale":"pt_BR","og_type":"article","og_title":"Nativo Experience - Almuerzo - Calafate Tours","og_description":"Nativo Experience is a day tour within the Estancia 25 de Mayo Natural Reserve with dinner included inside the walichu cave.","og_url":"https:\/\/ux.toursandadventure.agency\/pt\/tours\/nativo-experience-almuerzo\/","og_site_name":"Calafate Tours","article_publisher":"https:\/\/www.facebook.com\/calafatetours","article_modified_time":"2025-10-28T20:57:07+00:00","og_image":[{"width":750,"height":500,"url":"https:\/\/ux.toursandadventure.agency\/wp-content\/uploads\/2022\/03\/nativo-almuerzo-portada.webp","type":"image\/webp"}],"twitter_card":"summary_large_image","twitter_misc":{"Est. tempo de leitura":"5 minutos"},"schema":{"@context":"https:\/\/schema.org","@graph":[{"@type":"WebPage","@id":"https:\/\/ux.toursandadventure.agency\/tours\/nativo-experience-almuerzo\/","url":"https:\/\/ux.toursandadventure.agency\/tours\/nativo-experience-almuerzo\/","name":"Nativo Experience - Almuerzo - Calafate Tours","isPartOf":{"@id":"https:\/\/ux.toursandadventure.agency\/#website"},"primaryImageOfPage":{"@id":"https:\/\/ux.toursandadventure.agency\/tours\/nativo-experience-almuerzo\/#primaryimage"},"image":{"@id":"https:\/\/ux.toursandadventure.agency\/tours\/nativo-experience-almuerzo\/#primaryimage"},"thumbnailUrl":"https:\/\/ux.toursandadventure.agency\/wp-content\/uploads\/2022\/03\/nativo-almuerzo-portada.webp","datePublished":"2022-03-14T22:28:20+00:00","dateModified":"2025-10-28T20:57:07+00:00","description":"Nativo Experience is a day tour within the Estancia 25 de Mayo Natural Reserve with dinner included inside the walichu cave.","breadcrumb":{"@id":"https:\/\/ux.toursandadventure.agency\/tours\/nativo-experience-almuerzo\/#breadcrumb"},"inLanguage":"pt-BR","potentialAction":[{"@type":"ReadAction","target":["https:\/\/ux.toursandadventure.agency\/tours\/nativo-experience-almuerzo\/"]}]},{"@type":"ImageObject","inLanguage":"pt-BR","@id":"https:\/\/ux.toursandadventure.agency\/tours\/nativo-experience-almuerzo\/#primaryimage","url":"https:\/\/ux.toursandadventure.agency\/wp-content\/uploads\/2022\/03\/nativo-almuerzo-portada.webp","contentUrl":"https:\/\/ux.toursandadventure.agency\/wp-content\/uploads\/2022\/03\/nativo-almuerzo-portada.webp","width":750,"height":500,"caption":"excursion nativo experience almuerzo"},{"@type":"BreadcrumbList","@id":"https:\/\/ux.toursandadventure.agency\/tours\/nativo-experience-almuerzo\/#breadcrumb","itemListElement":[{"@type":"ListItem","position":1,"name":"Inicio","item":"https:\/\/ux.toursandadventure.agency\/"},{"@type":"ListItem","position":2,"name":"Nativo Experience &#8211; Almuerzo"}]},{"@type":"WebSite","@id":"https:\/\/ux.toursandadventure.agency\/#website","url":"https:\/\/ux.toursandadventure.agency\/","name":"Passeios em Calafate","description":"Excurs\u00f5es em El Calafate","potentialAction":[{"@type":"SearchAction","target":{"@type":"EntryPoint","urlTemplate":"https:\/\/ux.toursandadventure.agency\/?s={search_term_string}"},"query-input":{"@type":"PropertyValueSpecification","valueRequired":true,"valueName":"search_term_string"}}],"inLanguage":"pt-BR"}]}},"_links":{"self":[{"href":"https:\/\/ux.toursandadventure.agency\/pt\/wp-json\/wp\/v2\/product\/60337","targetHints":{"allow":["GET"]}}],"collection":[{"href":"https:\/\/ux.toursandadventure.agency\/pt\/wp-json\/wp\/v2\/product"}],"about":[{"href":"https:\/\/ux.toursandadventure.agency\/pt\/wp-json\/wp\/v2\/types\/product"}],"wp:featuredmedia":[{"embeddable":true,"href":"https:\/\/ux.toursandadventure.agency\/pt\/wp-json\/wp\/v2\/media\/66890"}],"wp:attachment":[{"href":"https:\/\/ux.toursandadventure.agency\/pt\/wp-json\/wp\/v2\/media?parent=60337"}],"wp:term":[{"taxonomy":"product_brand","embeddable":true,"href":"https:\/\/ux.toursandadventure.agency\/pt\/wp-json\/wp\/v2\/product_brand?post=60337"},{"taxonomy":"product_cat","embeddable":true,"href":"https:\/\/ux.toursandadventure.agency\/pt\/wp-json\/wp\/v2\/product_cat?post=60337"},{"taxonomy":"product_tag","embeddable":true,"href":"https:\/\/ux.toursandadventure.agency\/pt\/wp-json\/wp\/v2\/product_tag?post=60337"},{"taxonomy":"wt_location","embeddable":true,"href":"https:\/\/ux.toursandadventure.agency\/pt\/wp-json\/wp\/v2\/wt_location?post=60337"}],"curies":[{"name":"wp","href":"https:\/\/api.w.org\/{rel}","templated":true}]}}